{"id":1652,"date":"2021-06-14T17:41:16","date_gmt":"2021-06-14T15:41:16","guid":{"rendered":"https:\/\/musical-gmunden.com\/?page_id=1652"},"modified":"2022-01-25T13:05:52","modified_gmt":"2022-01-25T12:05:52","slug":"impressum","status":"publish","type":"page","link":"https:\/\/musical-gmunden.com\/index.php\/impressum\/","title":{"rendered":"Impressum"},"content":{"rendered":"\t\t<div data-elementor-type=\"wp-page\" data-elementor-id=\"1652\" class=\"elementor elementor-1652\" data-elementor-settings=\"[]\">\n\t\t\t\t\t\t<div class=\"elementor-inner\">\n\t\t\t\t\t\t\t<div class=\"elementor-section-wrap\">\n\t\t\t\t\t\t\t<section class=\"elementor-section elementor-top-section elementor-element elementor-element-dd783ab elementor-section-full_width elementor-section-height-default elementor-section-height-default\" data-id=\"dd783ab\" data-element_type=\"section\">\n\t\t\t\t\t\t<div class=\"elementor-container elementor-column-gap-no\">\n\t\t\t\t\t\t\t<div class=\"elementor-row\">\n\t\t\t\t\t<div class=\"elementor-column elementor-col-100 elementor-top-column elementor-element elementor-element-8a97568\" data-id=\"8a97568\" data-element_type=\"column\">\n\t\t\t<div class=\"elementor-column-wrap elementor-element-populated\">\n\t\t\t\t\t\t\t<div class=\"elementor-widget-wrap\">\n\t\t\t\t\t\t<div class=\"elementor-element elementor-element-d8302ce elementor-widget elementor-widget-image\" data-id=\"d8302ce\" data-element_type=\"widget\" data-widget_type=\"image.default\">\n\t\t\t\t<div class=\"elementor-widget-container\">\n\t\t\t\t\t\t\t\t<div class=\"elementor-image\">\n\t\t\t\t\t\t\t\t\t\t\t\t<img src=\"https:\/\/musical-gmunden.com\/wp-content\/uploads\/2021\/05\/musical-fruehling2_cut.svg\" title=\"musical-fruehling2_cut\" alt=\"musical-fruehling2_cut\" \/>\t\t\t\t\t\t\t\t\t\t\t\t\t\t<\/div>\n\t\t\t\t\t\t<\/div>\n\t\t\t\t<\/div>\n\t\t\t\t\t\t<\/div>\n\t\t\t\t\t<\/div>\n\t\t<\/div>\n\t\t\t\t\t\t\t\t<\/div>\n\t\t\t\t\t<\/div>\n\t\t<\/section>\n\t\t\t\t<section class=\"elementor-section elementor-top-section elementor-element elementor-element-5e74db1 elementor-section-full_width elementor-section-height-default elementor-section-height-default\" data-id=\"5e74db1\" data-element_type=\"section\" data-settings=\"{&quot;background_background&quot;:&quot;classic&quot;,&quot;animation&quot;:&quot;none&quot;}\">\n\t\t\t\t\t\t<div class=\"elementor-container elementor-column-gap-no\">\n\t\t\t\t\t\t\t<div class=\"elementor-row\">\n\t\t\t\t\t<div class=\"elementor-column elementor-col-50 elementor-top-column elementor-element elementor-element-dfdf470\" data-id=\"dfdf470\" data-element_type=\"column\">\n\t\t\t<div class=\"elementor-column-wrap elementor-element-populated\">\n\t\t\t\t\t\t\t<div class=\"elementor-widget-wrap\">\n\t\t\t\t\t\t<section class=\"elementor-section elementor-inner-section elementor-element elementor-element-f212dbc elementor-section-full_width elementor-section-content-middle elementor-section-height-default elementor-section-height-default\" data-id=\"f212dbc\" data-element_type=\"section\" data-settings=\"{&quot;background_background&quot;:&quot;classic&quot;,&quot;sticky&quot;:&quot;top&quot;,&quot;sticky_on&quot;:[&quot;desktop&quot;,&quot;tablet&quot;,&quot;mobile&quot;],&quot;sticky_offset&quot;:0,&quot;sticky_effects_offset&quot;:0}\">\n\t\t\t\t\t\t<div class=\"elementor-container elementor-column-gap-no\">\n\t\t\t\t\t\t\t<div class=\"elementor-row\">\n\t\t\t\t\t<div class=\"elementor-column elementor-col-50 elementor-inner-column elementor-element elementor-element-089d010\" data-id=\"089d010\" data-element_type=\"column\">\n\t\t\t<div class=\"elementor-column-wrap elementor-element-populated\">\n\t\t\t\t\t\t\t<div class=\"elementor-widget-wrap\">\n\t\t\t\t\t\t<div class=\"elementor-element elementor-element-fdcddcc elementor-widget elementor-widget-global elementor-global-1012 elementor-widget-full-screen-menu-for-elementor\" data-id=\"fdcddcc\" data-element_type=\"widget\" data-widget_type=\"full-screen-menu-for-elementor.default\">\n\t\t\t\t<div class=\"elementor-widget-container\">\n\t\t\t\t\t<div class=\"fsmfe-wrapper\">\n\t\t\t<input type=\"checkbox\" id=\"menu-toggle-69d58fb310bfe\" class=\"menu-toggle\">\n\t\t\t<label for=\"menu-toggle-69d58fb310bfe\" class=\"icon-bars\">\n\t\t\t\t<span class=\"icon-bar bar-top\"><\/span>\n\t\t\t\t<span class=\"icon-bar bar-middle\"><\/span>\n\t\t\t\t<span class=\"icon-bar bar-bottom\"><\/span>\n\t\t\t<\/label>\n\t\t\t<div class=\"menu-overlay\">\n\t\t\t\t<div class=\"content-type-menu\">\n\t\t\t\t\t<ul id=\"menu-testmenu\" class=\"content-type-menu\"><li id=\"menu-item-879\" class=\"menu-item menu-item-type-post_type menu-item-object-page menu-item-home menu-item-879\"><a href=\"https:\/\/musical-gmunden.com\/\">Start<\/a><\/li>\n<li id=\"menu-item-4777\" class=\"menu-item menu-item-type-post_type menu-item-object-page menu-item-4777\"><a href=\"https:\/\/musical-gmunden.com\/index.php\/girl-from-the-north-country\/\">Girl From The North Country<\/a><\/li>\n<li id=\"menu-item-3608\" class=\"menu-item menu-item-type-post_type menu-item-object-page menu-item-3608\"><a href=\"https:\/\/musical-gmunden.com\/index.php\/tickets\/\">Tickets<\/a><\/li>\n<li id=\"menu-item-923\" class=\"menu-item menu-item-type-post_type menu-item-object-page menu-item-923\"><a href=\"https:\/\/musical-gmunden.com\/index.php\/ueber-uns\/\">\u00dcber uns<\/a><\/li>\n<li id=\"menu-item-1843\" class=\"menu-item menu-item-type-post_type menu-item-object-page menu-item-1843\"><a href=\"https:\/\/musical-gmunden.com\/index.php\/archiv\/\">Produktionen<\/a><\/li>\n<li id=\"menu-item-1438\" class=\"menu-item menu-item-type-post_type menu-item-object-page menu-item-1438\"><a href=\"https:\/\/musical-gmunden.com\/index.php\/newsletter\/\">Newsletter<\/a><\/li>\n<li id=\"menu-item-1435\" class=\"menu-item menu-item-type-post_type menu-item-object-page menu-item-1435\"><a href=\"https:\/\/musical-gmunden.com\/index.php\/gmunden-erleben\/\">Gmunden Erleben<\/a><\/li>\n<li id=\"menu-item-1437\" class=\"menu-item menu-item-type-post_type menu-item-object-page menu-item-1437\"><a href=\"https:\/\/musical-gmunden.com\/index.php\/kontakt\/\">Kontakt<\/a><\/li>\n<li id=\"menu-item-1434\" class=\"menu-item menu-item-type-post_type menu-item-object-page menu-item-1434\"><a href=\"https:\/\/musical-gmunden.com\/index.php\/tontraeger\/\">Tontr\u00e4ger<\/a><\/li>\n<li id=\"menu-item-4661\" class=\"menu-item menu-item-type-post_type menu-item-object-page menu-item-4661\"><a href=\"https:\/\/musical-gmunden.com\/index.php\/preisverleihung-2024\/\">Preisverleihung 2024<\/a><\/li>\n<li id=\"menu-item-3835\" class=\"menu-item menu-item-type-post_type menu-item-object-page menu-item-3835\"><a href=\"https:\/\/musical-gmunden.com\/index.php\/preisverleihung-2023\/\">Preisverleihung 2023<\/a><\/li>\n<\/ul>\t\t\t\t<\/div>\n\t\t\t<\/div>\n\t\t<\/div>\n\t\t\t\t<\/div>\n\t\t\t\t<\/div>\n\t\t\t\t\t\t<\/div>\n\t\t\t\t\t<\/div>\n\t\t<\/div>\n\t\t\t\t<div class=\"elementor-column elementor-col-50 elementor-inner-column elementor-element elementor-element-e9e0c98\" data-id=\"e9e0c98\" data-element_type=\"column\">\n\t\t\t<div class=\"elementor-column-wrap elementor-element-populated\">\n\t\t\t\t\t\t\t<div class=\"elementor-widget-wrap\">\n\t\t\t\t\t\t<div class=\"elementor-element elementor-element-355249c elementor-shape-square elementor-grid-mobile-0 e-grid-align-right elementor-widget__width-auto elementor-grid-0 elementor-widget elementor-widget-global elementor-global-1157 elementor-widget-social-icons\" data-id=\"355249c\" data-element_type=\"widget\" data-widget_type=\"social-icons.default\">\n\t\t\t\t<div class=\"elementor-widget-container\">\n\t\t\t\t\t<div class=\"elementor-social-icons-wrapper elementor-grid\">\n\t\t\t\t\t\t\t<div class=\"elementor-grid-item\">\n\t\t\t\t\t<a class=\"elementor-icon elementor-social-icon elementor-social-icon-facebook elementor-repeater-item-13e40cd\" href=\"https:\/\/www.facebook.com\/musicalgmunden\/\" target=\"_blank\">\n\t\t\t\t\t\t<span class=\"elementor-screen-only\">Facebook<\/span>\n\t\t\t\t\t\t<i class=\"fab fa-facebook\"><\/i>\t\t\t\t\t<\/a>\n\t\t\t\t<\/div>\n\t\t\t\t\t\t\t<div class=\"elementor-grid-item\">\n\t\t\t\t\t<a class=\"elementor-icon elementor-social-icon elementor-social-icon-instagram elementor-repeater-item-a949ab7\" href=\"https:\/\/www.instagram.com\/musicalfruehlingingmunden\/\" target=\"_blank\">\n\t\t\t\t\t\t<span class=\"elementor-screen-only\">Instagram<\/span>\n\t\t\t\t\t\t<i class=\"fab fa-instagram\"><\/i>\t\t\t\t\t<\/a>\n\t\t\t\t<\/div>\n\t\t\t\t\t<\/div>\n\t\t\t\t<\/div>\n\t\t\t\t<\/div>\n\t\t\t\t<div class=\"elementor-element elementor-element-6dace99 elementor-widget__width-auto elementor-hidden-desktop elementor-hidden-tablet elementor-hidden-phone elementor-widget elementor-widget-global elementor-global-1668 elementor-widget-image\" data-id=\"6dace99\" data-element_type=\"widget\" data-widget_type=\"image.default\">\n\t\t\t\t<div class=\"elementor-widget-container\">\n\t\t\t\t\t\t\t\t<div class=\"elementor-image\">\n\t\t\t\t\t\t\t\t\t\t\t\t\t<a href=\"https:\/\/musical-gmunden.com\/index.php\/english\/\">\n\t\t\t\t\t\t\t<img src=\"https:\/\/musical-gmunden.com\/wp-content\/uploads\/2023\/01\/EN.png\" title=\"EN\" alt=\"EN\" \/>\t\t\t\t\t\t\t\t<\/a>\n\t\t\t\t\t\t\t\t\t\t\t\t\t\t<\/div>\n\t\t\t\t\t\t<\/div>\n\t\t\t\t<\/div>\n\t\t\t\t\t\t<\/div>\n\t\t\t\t\t<\/div>\n\t\t<\/div>\n\t\t\t\t\t\t\t\t<\/div>\n\t\t\t\t\t<\/div>\n\t\t<\/section>\n\t\t\t\t<div class=\"elementor-element elementor-element-87730ad elementor-widget elementor-widget-heading\" data-id=\"87730ad\" data-element_type=\"widget\" data-widget_type=\"heading.default\">\n\t\t\t\t<div class=\"elementor-widget-container\">\n\t\t\t<h2 class=\"elementor-heading-title elementor-size-default\">IMPRESSUM<\/h2>\t\t<\/div>\n\t\t\t\t<\/div>\n\t\t\t\t<section class=\"elementor-section elementor-inner-section elementor-element elementor-element-252d724 elementor-section-boxed elementor-section-height-default elementor-section-height-default\" data-id=\"252d724\" data-element_type=\"section\">\n\t\t\t\t\t\t<div class=\"elementor-container elementor-column-gap-custom\">\n\t\t\t\t\t\t\t<div class=\"elementor-row\">\n\t\t\t\t\t<div class=\"elementor-column elementor-col-100 elementor-inner-column elementor-element elementor-element-25dd897\" data-id=\"25dd897\" data-element_type=\"column\">\n\t\t\t<div class=\"elementor-column-wrap elementor-element-populated\">\n\t\t\t\t\t\t\t<div class=\"elementor-widget-wrap\">\n\t\t\t\t\t\t<div class=\"elementor-element elementor-element-753c956 elementor-widget elementor-widget-text-editor\" data-id=\"753c956\" data-element_type=\"widget\" data-widget_type=\"text-editor.default\">\n\t\t\t\t<div class=\"elementor-widget-container\">\n\t\t\t\t\t\t\t\t<div class=\"elementor-text-editor elementor-clearfix\">\n\t\t\t\t\t<p>Verein MUSICAL FR\u00dcHLING IN GMUNDEN<\/p><p>Zentrale Vereinsregister Zahl: 680229328<br \/>Die Adresse unserer Website lautet http:\/\/musical-gmunden.com<\/p><p>Verantwortlich f\u00fcr den Inhalt: Markus Olzinger &amp; Elisabeth Sikora-Olzinger<\/p>\t\t\t\t\t<\/div>\n\t\t\t\t\t\t<\/div>\n\t\t\t\t<\/div>\n\t\t\t\t<div class=\"elementor-element elementor-element-51e752e elementor-widget elementor-widget-heading\" data-id=\"51e752e\" data-element_type=\"widget\" data-widget_type=\"heading.default\">\n\t\t\t\t<div class=\"elementor-widget-container\">\n\t\t\t<h2 class=\"elementor-heading-title elementor-size-default\">DATENSCHUTZ&shy;ERKL\u00c4RUNG<\/h2>\t\t<\/div>\n\t\t\t\t<\/div>\n\t\t\t\t<div class=\"elementor-element elementor-element-1f36630 elementor-widget elementor-widget-text-editor\" data-id=\"1f36630\" data-element_type=\"widget\" data-widget_type=\"text-editor.default\">\n\t\t\t\t<div class=\"elementor-widget-container\">\n\t\t\t\t\t\t\t\t<div class=\"elementor-text-editor elementor-clearfix\">\n\t\t\t\t\t<p>Der Schutz Ihrer pers\u00f6nlichen Daten ist uns ein besonderes Anliegen. Wir verarbeiten Ihre Daten daher ausschlie\u00dflich auf Grundlage der gesetzlichen Bestimmungen (DSGVO, TKG 2003). In diesen Datenschutzinformationen informieren wir Sie \u00fcber die wichtigsten Aspekte der Datenverarbeitung im Rahmen unserer Website.<\/p><p><strong>Kontakt mit uns<\/strong><\/p><p>Wenn Sie per Formular auf der Website oder per E-Mail Kontakt mit uns aufnehmen, werden Ihre angegebenen Daten zwecks Bearbeitung der Anfrage und f\u00fcr den Fall von Anschlussfragen sechs Monate bei uns gespeichert. Diese Daten geben wir nicht ohne Ihre Einwilligung weiter.<\/p><p><strong>Cookies<\/strong><\/p><p>Unsere Website verwendet so genannte Cookies. Dabei handelt es sich um kleine Textdateien, die mit Hilfe des Browsers auf Ihrem Endger\u00e4t abgelegt werden. Sie richten keinen Schaden an.\u00a0Wir nutzen Cookies dazu, unser Angebot nutzerfreundlich zu gestalten. Einige Cookies bleiben auf Ihrem Endger\u00e4t gespeichert, bis Sie diese l\u00f6schen. Sie erm\u00f6glichen es uns, Ihren Browser beim n\u00e4chsten Besuch wiederzuerkennen.\u00a0Wenn Sie dies nicht w\u00fcnschen, so k\u00f6nnen Sie Ihren Browser so einrichten, dass er Sie \u00fcber das Setzen von Cookies informiert und Sie dies nur im Einzelfall erlauben.\u00a0Bei der Deaktivierung von Cookies kann die Funktionalit\u00e4t unserer Website eingeschr\u00e4nkt sein.<br \/><strong><br \/>Ihre Rechte<\/strong><\/p><p>Ihnen stehen grunds\u00e4tzlich die Rechte auf Auskunft, Berichtigung, L\u00f6schung, Einschr\u00e4nkung, Daten\u00fcbertragbarkeit, Widerruf und Widerspruch zu. Wenn Sie glauben, dass die Verarbeitung Ihrer Daten gegen das Datenschutzrecht verst\u00f6\u00dft oder Ihre datenschutzrechtlichen Anspr\u00fcche sonst in einer Weise verletzt worden sind, k\u00f6nnen Sie sich bei der Aufsichtsbeh\u00f6rde beschweren. In \u00d6sterreich ist dies die Datenschutzbeh\u00f6rde.<br \/><strong><br \/>Youtube<\/strong><\/p><p>Diese Website nutzt Videos des Anbieters YouTube, einem Unternehmen von Google. Wir haben unsere YouTube-Videos mit dem erweiterten Datenschutzmodus eingebunden. Beim Anklicken eines Videos wird Ihre IP-Adresse an YouTube \u00fcbermittelt und YouTube erf\u00e4hrt, welche Videos Sie angesehen haben. Sind Sie bei YouTube eingeloggt, werden diese Informationen auch Ihrem Benutzerkonto zugeordnet.\u00a0Datenschutzerkl\u00e4rung von Google Inc.: https:\/\/policies.google.com\/privacy?hl=de<\/p><p><strong>Facebook<\/strong><\/p><p>Diese Website verlinkt auf unsere Facebook Seite. Beim Anklicken des Links wird Ihre IP-Adresse an Facebook \u00fcbermittelt und Facebook erf\u00e4hrt, was Sie sich angesehen haben. Sind Sie bei Facebook eingeloggt, werden diese Informationen auch Ihrem Benutzerkonto zugeordnet.\u00a0Datenschutzerkl\u00e4rung von Facebook: https:\/\/de-de.facebook.com\/policy.php<\/p><p><strong>Haftungsausschluss<\/strong><\/p><p>Dieser Haftungsausschluss ist als Teil des Internetangebots zu betrachten, von dem aus auf diese Webseite verwiesen wurde. Sofern Teile oder einzelne Formulierungen dieses Textes der geltenden Rechtslage nicht, nicht mehr oder nicht vollst\u00e4ndig entsprechen sollten, bleiben die \u00fcbrigen Teile des Dokumentes in ihrem Inhalt und ihrer G\u00fcltigkeit davon unber\u00fchrt.<\/p><p>Die Inhalte dieser Webseite wurden mit gr\u00f6\u00dftm\u00f6glicher Sorgfalt erstellt. F\u00fcr die Richtigkeit, Vollst\u00e4ndigkeit und Aktualit\u00e4t der Inhalte \u00fcbernehmen wir jedoch keine Gew\u00e4hr. Als Dienstanbieter sind wir f\u00fcr eigene Inhalte auf diesen Seiten nach den allgemeinen Gesetzen verantwortlich. Wir sind jedoch nicht verpflichtet, \u00fcbermittelte oder gespeicherte fremde Informationen zu \u00fcberwachen oder nach Umst\u00e4nden zu forschen, die auf eine rechtswidrige T\u00e4tigkeit hinweisen. Verpflichtungen zur Entfernung oder Sperrung der Nutzung von Informationen nach den allgemeinen Gesetzen bleiben hiervon unber\u00fchrt. Eine diesbez\u00fcgliche Haftung ist jedoch erst ab dem Zeitpunkt der Kenntnis einer konkreten Rechtsverletzung m\u00f6glich. Bei Bekanntwerden von entsprechenden Rechtsverletzungen werden wir diese Inhalte umgehend entfernen.<\/p><p><strong>Haftung f\u00fcr Links auf Webseiten Dritter<\/strong><\/p><p>Unser Angebot enth\u00e4lt Links zu externen Websites. Auf den Inhalt dieser externen Webseiten haben wir keinerlei Einfluss. Deshalb k\u00f6nnen wir f\u00fcr diese fremden Inhalte auch keine Gew\u00e4hr \u00fcbernehmen. F\u00fcr die Inhalte der verlinkten Seiten ist stets der jeweilige Anbieter oder Betreiber der Seiten verantwortlich. Die verlinkten Seiten wurden zum Zeitpunkt der Verlinkung auf m\u00f6gliche Rechtsverst\u00f6\u00dfe \u00fcberpr\u00fcft. Rechtswidrige Inhalte waren zum Zeitpunkt der Verlinkung nicht erkennbar. Eine permanente inhaltliche Kontrolle der verlinkten Seiten ist jedoch ohne konkrete Anhaltspunkte einer Rechtsverletzung nicht zumutbar. Bei Bekanntwerden von Rechtsverletzungen werden wir derartige Links umgehend entfernen.<\/p><p><strong>Urheberrecht<\/strong><\/p><p>Die Betreiber dieser Webseite sind bem\u00fcht, stets die Urheberrechte anderer zu beachten bzw. auf selbst erstellte sowie lizenzfreie Werke zur\u00fcckzugreifen. Die durch die Seitenbetreiber erstellten Inhalte und Werke auf dieser Webseite unterliegen dem Urheberrecht. Beitr\u00e4ge Dritter sind als solche gekennzeichnet. Die Vervielf\u00e4ltigung, Bearbeitung, Verbreitung und jede Art der Verwertung au\u00dferhalb der Grenzen des Urheberrechtes bed\u00fcrfen der schriftlichen Zustimmung des jeweiligen Autors bzw. Erstellers. Downloads und Kopien dieser Seite sind nur f\u00fcr den privaten, nicht kommerziellen Gebrauch gestattet.<\/p>\t\t\t\t\t<\/div>\n\t\t\t\t\t\t<\/div>\n\t\t\t\t<\/div>\n\t\t\t\t\t\t<\/div>\n\t\t\t\t\t<\/div>\n\t\t<\/div>\n\t\t\t\t\t\t\t\t<\/div>\n\t\t\t\t\t<\/div>\n\t\t<\/section>\n\t\t\t\t\t\t<\/div>\n\t\t\t\t\t<\/div>\n\t\t<\/div>\n\t\t\t\t<div class=\"elementor-column elementor-col-50 elementor-top-column elementor-element elementor-element-d9d97ef\" data-id=\"d9d97ef\" data-element_type=\"column\" data-settings=\"{&quot;animation&quot;:&quot;none&quot;}\">\n\t\t\t<div class=\"elementor-column-wrap\">\n\t\t\t\t\t\t\t<div class=\"elementor-widget-wrap\">\n\t\t\t\t\t\t\t\t<\/div>\n\t\t\t\t\t<\/div>\n\t\t<\/div>\n\t\t\t\t\t\t\t\t<\/div>\n\t\t\t\t\t<\/div>\n\t\t<\/section>\n\t\t\t\t\t\t<\/div>\n\t\t\t\t\t\t<\/div>\n\t\t\t\t\t<\/div>\n\t\t","protected":false},"excerpt":{"rendered":"<p>Start Vincent van Gogh Mark Seibert Die Frau in Wei\u00df \u00dcber uns Tickets Sicherheitskonzept Tontr\u00e4ger Newsletter Archiv Gmunden Erleben Kontakt Unterst\u00fczen Sie den Musical Fr\u00fchling Facebook Instagram IMPRESSUM Verein MUSICAL FR\u00dcHLING IN GMUNDEN Zentrale Vereinsregister Zahl: 680229328 Die Adresse unserer Website lautet http:\/\/musical-gmunden.com Verantwortlich f\u00fcr den Inhalt: Markus Olzinger &amp; Elisabeth Sikora-Olzinger DATENSCHUTZ\u00adERKL\u00c4RUNG Der Schutz [&hellip;]<\/p>\n","protected":false},"author":2,"featured_media":0,"parent":0,"menu_order":0,"comment_status":"closed","ping_status":"closed","template":"elementor_canvas","meta":[],"yoast_head":"<!-- This site is optimized with the Yoast SEO plugin v18.4.1 - https:\/\/yoast.com\/wordpress\/plugins\/seo\/ -->\n<title>Impressum - Musical Fr\u00fchling in Gmunden<\/title>\n<meta name=\"robots\" content=\"index, follow, max-snippet:-1, max-image-preview:large, max-video-preview:-1\" \/>\n<link rel=\"canonical\" href=\"https:\/\/musical-gmunden.com\/index.php\/impressum\/\" \/>\n<meta name=\"twitter:label1\" content=\"Gesch\u00e4tzte Lesezeit\" \/>\n\t<meta name=\"twitter:data1\" content=\"5\u00a0Minuten\" \/>\n<script type=\"application\/ld+json\" class=\"yoast-schema-graph\">{\"@context\":\"https:\/\/schema.org\",\"@graph\":[{\"@type\":\"Organization\",\"@id\":\"https:\/\/musical-gmunden.com\/#organization\",\"name\":\"Verein MUSICAL FR\u00dcHLING IN GMUNDEN\",\"url\":\"https:\/\/musical-gmunden.com\/\",\"sameAs\":[],\"logo\":{\"@type\":\"ImageObject\",\"@id\":\"https:\/\/musical-gmunden.com\/#logo\",\"inLanguage\":\"de\",\"url\":\"https:\/\/musical-gmunden.com\/wp-content\/uploads\/2023\/07\/logoNEU.jpg\",\"contentUrl\":\"https:\/\/musical-gmunden.com\/wp-content\/uploads\/2023\/07\/logoNEU.jpg\",\"width\":1299,\"height\":1299,\"caption\":\"Verein MUSICAL FR\u00dcHLING IN GMUNDEN\"},\"image\":{\"@id\":\"https:\/\/musical-gmunden.com\/#logo\"}},{\"@type\":\"WebSite\",\"@id\":\"https:\/\/musical-gmunden.com\/#website\",\"url\":\"https:\/\/musical-gmunden.com\/\",\"name\":\"Musical Fr\u00fchling in Gmunden\",\"description\":\"\",\"publisher\":{\"@id\":\"https:\/\/musical-gmunden.com\/#organization\"},\"potentialAction\":[{\"@type\":\"SearchAction\",\"target\":{\"@type\":\"EntryPoint\",\"urlTemplate\":\"https:\/\/musical-gmunden.com\/?s={search_term_string}\"},\"query-input\":\"required name=search_term_string\"}],\"inLanguage\":\"de\"},{\"@type\":\"ImageObject\",\"@id\":\"https:\/\/musical-gmunden.com\/index.php\/impressum\/#primaryimage\",\"inLanguage\":\"de\",\"url\":\"https:\/\/musical-gmunden.com\/wp-content\/uploads\/2021\/06\/logo2.png\",\"contentUrl\":\"https:\/\/musical-gmunden.com\/wp-content\/uploads\/2021\/06\/logo2.png\",\"width\":200,\"height\":201},{\"@type\":\"WebPage\",\"@id\":\"https:\/\/musical-gmunden.com\/index.php\/impressum\/#webpage\",\"url\":\"https:\/\/musical-gmunden.com\/index.php\/impressum\/\",\"name\":\"Impressum - Musical Fr\u00fchling in Gmunden\",\"isPartOf\":{\"@id\":\"https:\/\/musical-gmunden.com\/#website\"},\"primaryImageOfPage\":{\"@id\":\"https:\/\/musical-gmunden.com\/index.php\/impressum\/#primaryimage\"},\"datePublished\":\"2021-06-14T15:41:16+00:00\",\"dateModified\":\"2022-01-25T12:05:52+00:00\",\"breadcrumb\":{\"@id\":\"https:\/\/musical-gmunden.com\/index.php\/impressum\/#breadcrumb\"},\"inLanguage\":\"de\",\"potentialAction\":[{\"@type\":\"ReadAction\",\"target\":[\"https:\/\/musical-gmunden.com\/index.php\/impressum\/\"]}]},{\"@type\":\"BreadcrumbList\",\"@id\":\"https:\/\/musical-gmunden.com\/index.php\/impressum\/#breadcrumb\",\"itemListElement\":[{\"@type\":\"ListItem\",\"position\":1,\"name\":\"Startseite\",\"item\":\"https:\/\/musical-gmunden.com\/\"},{\"@type\":\"ListItem\",\"position\":2,\"name\":\"Impressum\"}]}]}<\/script>\n<!-- \/ Yoast SEO plugin. -->","yoast_head_json":{"title":"Impressum - Musical Fr\u00fchling in Gmunden","robots":{"index":"index","follow":"follow","max-snippet":"max-snippet:-1","max-image-preview":"max-image-preview:large","max-video-preview":"max-video-preview:-1"},"canonical":"https:\/\/musical-gmunden.com\/index.php\/impressum\/","twitter_misc":{"Gesch\u00e4tzte Lesezeit":"5\u00a0Minuten"},"schema":{"@context":"https:\/\/schema.org","@graph":[{"@type":"Organization","@id":"https:\/\/musical-gmunden.com\/#organization","name":"Verein MUSICAL FR\u00dcHLING IN GMUNDEN","url":"https:\/\/musical-gmunden.com\/","sameAs":[],"logo":{"@type":"ImageObject","@id":"https:\/\/musical-gmunden.com\/#logo","inLanguage":"de","url":"https:\/\/musical-gmunden.com\/wp-content\/uploads\/2023\/07\/logoNEU.jpg","contentUrl":"https:\/\/musical-gmunden.com\/wp-content\/uploads\/2023\/07\/logoNEU.jpg","width":1299,"height":1299,"caption":"Verein MUSICAL FR\u00dcHLING IN GMUNDEN"},"image":{"@id":"https:\/\/musical-gmunden.com\/#logo"}},{"@type":"WebSite","@id":"https:\/\/musical-gmunden.com\/#website","url":"https:\/\/musical-gmunden.com\/","name":"Musical Fr\u00fchling in Gmunden","description":"","publisher":{"@id":"https:\/\/musical-gmunden.com\/#organization"},"potentialAction":[{"@type":"SearchAction","target":{"@type":"EntryPoint","urlTemplate":"https:\/\/musical-gmunden.com\/?s={search_term_string}"},"query-input":"required name=search_term_string"}],"inLanguage":"de"},{"@type":"ImageObject","@id":"https:\/\/musical-gmunden.com\/index.php\/impressum\/#primaryimage","inLanguage":"de","url":"https:\/\/musical-gmunden.com\/wp-content\/uploads\/2021\/06\/logo2.png","contentUrl":"https:\/\/musical-gmunden.com\/wp-content\/uploads\/2021\/06\/logo2.png","width":200,"height":201},{"@type":"WebPage","@id":"https:\/\/musical-gmunden.com\/index.php\/impressum\/#webpage","url":"https:\/\/musical-gmunden.com\/index.php\/impressum\/","name":"Impressum - Musical Fr\u00fchling in Gmunden","isPartOf":{"@id":"https:\/\/musical-gmunden.com\/#website"},"primaryImageOfPage":{"@id":"https:\/\/musical-gmunden.com\/index.php\/impressum\/#primaryimage"},"datePublished":"2021-06-14T15:41:16+00:00","dateModified":"2022-01-25T12:05:52+00:00","breadcrumb":{"@id":"https:\/\/musical-gmunden.com\/index.php\/impressum\/#breadcrumb"},"inLanguage":"de","potentialAction":[{"@type":"ReadAction","target":["https:\/\/musical-gmunden.com\/index.php\/impressum\/"]}]},{"@type":"BreadcrumbList","@id":"https:\/\/musical-gmunden.com\/index.php\/impressum\/#breadcrumb","itemListElement":[{"@type":"ListItem","position":1,"name":"Startseite","item":"https:\/\/musical-gmunden.com\/"},{"@type":"ListItem","position":2,"name":"Impressum"}]}]}},"_links":{"self":[{"href":"https:\/\/musical-gmunden.com\/index.php\/wp-json\/wp\/v2\/pages\/1652"}],"collection":[{"href":"https:\/\/musical-gmunden.com\/index.php\/wp-json\/wp\/v2\/pages"}],"about":[{"href":"https:\/\/musical-gmunden.com\/index.php\/wp-json\/wp\/v2\/types\/page"}],"author":[{"embeddable":true,"href":"https:\/\/musical-gmunden.com\/index.php\/wp-json\/wp\/v2\/users\/2"}],"replies":[{"embeddable":true,"href":"https:\/\/musical-gmunden.com\/index.php\/wp-json\/wp\/v2\/comments?post=1652"}],"version-history":[{"count":0,"href":"https:\/\/musical-gmunden.com\/index.php\/wp-json\/wp\/v2\/pages\/1652\/revisions"}],"wp:attachment":[{"href":"https:\/\/musical-gmunden.com\/index.php\/wp-json\/wp\/v2\/media?parent=1652"}],"curies":[{"name":"wp","href":"https:\/\/api.w.org\/{rel}","templated":true}]}}