{"id":3998,"date":"2024-02-02T18:09:29","date_gmt":"2024-02-02T17:09:29","guid":{"rendered":"https:\/\/musical-gmunden.com\/?page_id=3998"},"modified":"2024-02-08T17:27:11","modified_gmt":"2024-02-08T16:27:11","slug":"jonathan-hamouda-kuegler","status":"publish","type":"page","link":"https:\/\/musical-gmunden.com\/index.php\/jonathan-hamouda-kuegler\/","title":{"rendered":"Jonathan Hamouda K\u00fcgler"},"content":{"rendered":"\t\t<div data-elementor-type=\"wp-page\" data-elementor-id=\"3998\" class=\"elementor elementor-3998\" data-elementor-settings=\"[]\">\n\t\t\t\t\t\t<div class=\"elementor-inner\">\n\t\t\t\t\t\t\t<div class=\"elementor-section-wrap\">\n\t\t\t\t\t\t\t<section class=\"elementor-section elementor-top-section elementor-element elementor-element-dd783ab elementor-section-full_width elementor-section-height-default elementor-section-height-default\" data-id=\"dd783ab\" data-element_type=\"section\" data-settings=\"{&quot;background_background&quot;:&quot;classic&quot;}\">\n\t\t\t\t\t\t<div class=\"elementor-container elementor-column-gap-no\">\n\t\t\t\t\t\t\t<div class=\"elementor-row\">\n\t\t\t\t\t<div class=\"elementor-column elementor-col-100 elementor-top-column elementor-element elementor-element-8a97568\" data-id=\"8a97568\" data-element_type=\"column\">\n\t\t\t<div class=\"elementor-column-wrap elementor-element-populated\">\n\t\t\t\t\t\t\t<div class=\"elementor-widget-wrap\">\n\t\t\t\t\t\t<div class=\"elementor-element elementor-element-d8302ce elementor-widget elementor-widget-image\" data-id=\"d8302ce\" data-element_type=\"widget\" data-widget_type=\"image.default\">\n\t\t\t\t<div class=\"elementor-widget-container\">\n\t\t\t\t\t\t\t\t<div class=\"elementor-image\">\n\t\t\t\t\t\t\t\t\t\t\t\t<img src=\"https:\/\/musical-gmunden.com\/wp-content\/uploads\/2024\/02\/musical-fruehling2_cut_yellow.svg\" title=\"musical-fruehling2_cut_yellow\" alt=\"musical-fruehling2_cut_yellow\" \/>\t\t\t\t\t\t\t\t\t\t\t\t\t\t<\/div>\n\t\t\t\t\t\t<\/div>\n\t\t\t\t<\/div>\n\t\t\t\t\t\t<\/div>\n\t\t\t\t\t<\/div>\n\t\t<\/div>\n\t\t\t\t\t\t\t\t<\/div>\n\t\t\t\t\t<\/div>\n\t\t<\/section>\n\t\t\t\t<section class=\"elementor-section elementor-top-section elementor-element elementor-element-5e74db1 elementor-section-full_width elementor-section-height-default elementor-section-height-default\" data-id=\"5e74db1\" data-element_type=\"section\" data-settings=\"{&quot;background_background&quot;:&quot;classic&quot;,&quot;animation&quot;:&quot;none&quot;}\">\n\t\t\t\t\t\t<div class=\"elementor-container elementor-column-gap-no\">\n\t\t\t\t\t\t\t<div class=\"elementor-row\">\n\t\t\t\t\t<div class=\"elementor-column elementor-col-50 elementor-top-column elementor-element elementor-element-dfdf470\" data-id=\"dfdf470\" data-element_type=\"column\">\n\t\t\t<div class=\"elementor-column-wrap elementor-element-populated\">\n\t\t\t\t\t\t\t<div class=\"elementor-widget-wrap\">\n\t\t\t\t\t\t<section class=\"elementor-section elementor-inner-section elementor-element elementor-element-f212dbc elementor-section-full_width elementor-section-content-middle elementor-section-height-default elementor-section-height-default\" data-id=\"f212dbc\" data-element_type=\"section\" data-settings=\"{&quot;background_background&quot;:&quot;classic&quot;,&quot;sticky&quot;:&quot;top&quot;,&quot;sticky_on&quot;:[&quot;desktop&quot;,&quot;tablet&quot;,&quot;mobile&quot;],&quot;sticky_offset&quot;:0,&quot;sticky_effects_offset&quot;:0}\">\n\t\t\t\t\t\t<div class=\"elementor-container elementor-column-gap-no\">\n\t\t\t\t\t\t\t<div class=\"elementor-row\">\n\t\t\t\t\t<div class=\"elementor-column elementor-col-50 elementor-inner-column elementor-element elementor-element-089d010\" data-id=\"089d010\" data-element_type=\"column\">\n\t\t\t<div class=\"elementor-column-wrap elementor-element-populated\">\n\t\t\t\t\t\t\t<div class=\"elementor-widget-wrap\">\n\t\t\t\t\t\t<div class=\"elementor-element elementor-element-6b2bf3d elementor-widget elementor-widget-global elementor-global-1012 elementor-widget-full-screen-menu-for-elementor\" data-id=\"6b2bf3d\" data-element_type=\"widget\" data-widget_type=\"full-screen-menu-for-elementor.default\">\n\t\t\t\t<div class=\"elementor-widget-container\">\n\t\t\t\t\t<div class=\"fsmfe-wrapper\">\n\t\t\t<input type=\"checkbox\" id=\"menu-toggle-69de9bb55c502\" class=\"menu-toggle\">\n\t\t\t<label for=\"menu-toggle-69de9bb55c502\" class=\"icon-bars\">\n\t\t\t\t<span class=\"icon-bar bar-top\"><\/span>\n\t\t\t\t<span class=\"icon-bar bar-middle\"><\/span>\n\t\t\t\t<span class=\"icon-bar bar-bottom\"><\/span>\n\t\t\t<\/label>\n\t\t\t<div class=\"menu-overlay\">\n\t\t\t\t<div class=\"content-type-menu\">\n\t\t\t\t\t<ul id=\"menu-testmenu\" class=\"content-type-menu\"><li id=\"menu-item-879\" class=\"menu-item menu-item-type-post_type menu-item-object-page menu-item-home menu-item-879\"><a href=\"https:\/\/musical-gmunden.com\/\">Start<\/a><\/li>\n<li id=\"menu-item-4777\" class=\"menu-item menu-item-type-post_type menu-item-object-page menu-item-4777\"><a href=\"https:\/\/musical-gmunden.com\/index.php\/girl-from-the-north-country\/\">Girl From The North Country<\/a><\/li>\n<li id=\"menu-item-3608\" class=\"menu-item menu-item-type-post_type menu-item-object-page menu-item-3608\"><a href=\"https:\/\/musical-gmunden.com\/index.php\/tickets\/\">Tickets<\/a><\/li>\n<li id=\"menu-item-923\" class=\"menu-item menu-item-type-post_type menu-item-object-page menu-item-923\"><a href=\"https:\/\/musical-gmunden.com\/index.php\/ueber-uns\/\">\u00dcber uns<\/a><\/li>\n<li id=\"menu-item-1843\" class=\"menu-item menu-item-type-post_type menu-item-object-page menu-item-1843\"><a href=\"https:\/\/musical-gmunden.com\/index.php\/archiv\/\">Produktionen<\/a><\/li>\n<li id=\"menu-item-1438\" class=\"menu-item menu-item-type-post_type menu-item-object-page menu-item-1438\"><a href=\"https:\/\/musical-gmunden.com\/index.php\/newsletter\/\">Newsletter<\/a><\/li>\n<li id=\"menu-item-1435\" class=\"menu-item menu-item-type-post_type menu-item-object-page menu-item-1435\"><a href=\"https:\/\/musical-gmunden.com\/index.php\/gmunden-erleben\/\">Gmunden Erleben<\/a><\/li>\n<li id=\"menu-item-1437\" class=\"menu-item menu-item-type-post_type menu-item-object-page menu-item-1437\"><a href=\"https:\/\/musical-gmunden.com\/index.php\/kontakt\/\">Kontakt<\/a><\/li>\n<li id=\"menu-item-1434\" class=\"menu-item menu-item-type-post_type menu-item-object-page menu-item-1434\"><a href=\"https:\/\/musical-gmunden.com\/index.php\/tontraeger\/\">Tontr\u00e4ger<\/a><\/li>\n<li id=\"menu-item-4661\" class=\"menu-item menu-item-type-post_type menu-item-object-page menu-item-4661\"><a href=\"https:\/\/musical-gmunden.com\/index.php\/preisverleihung-2024\/\">Preisverleihung 2024<\/a><\/li>\n<li id=\"menu-item-3835\" class=\"menu-item menu-item-type-post_type menu-item-object-page menu-item-3835\"><a href=\"https:\/\/musical-gmunden.com\/index.php\/preisverleihung-2023\/\">Preisverleihung 2023<\/a><\/li>\n<\/ul>\t\t\t\t<\/div>\n\t\t\t<\/div>\n\t\t<\/div>\n\t\t\t\t<\/div>\n\t\t\t\t<\/div>\n\t\t\t\t\t\t<\/div>\n\t\t\t\t\t<\/div>\n\t\t<\/div>\n\t\t\t\t<div class=\"elementor-column elementor-col-50 elementor-inner-column elementor-element elementor-element-e9e0c98\" data-id=\"e9e0c98\" data-element_type=\"column\">\n\t\t\t<div class=\"elementor-column-wrap elementor-element-populated\">\n\t\t\t\t\t\t\t<div class=\"elementor-widget-wrap\">\n\t\t\t\t\t\t<div class=\"elementor-element elementor-element-adc9478 elementor-shape-square elementor-grid-mobile-0 e-grid-align-right elementor-widget__width-auto elementor-grid-0 elementor-widget elementor-widget-global elementor-global-1157 elementor-widget-social-icons\" data-id=\"adc9478\" data-element_type=\"widget\" data-widget_type=\"social-icons.default\">\n\t\t\t\t<div class=\"elementor-widget-container\">\n\t\t\t\t\t<div class=\"elementor-social-icons-wrapper elementor-grid\">\n\t\t\t\t\t\t\t<div class=\"elementor-grid-item\">\n\t\t\t\t\t<a class=\"elementor-icon elementor-social-icon elementor-social-icon-facebook elementor-repeater-item-13e40cd\" href=\"https:\/\/www.facebook.com\/musicalgmunden\/\" target=\"_blank\">\n\t\t\t\t\t\t<span class=\"elementor-screen-only\">Facebook<\/span>\n\t\t\t\t\t\t<i class=\"fab fa-facebook\"><\/i>\t\t\t\t\t<\/a>\n\t\t\t\t<\/div>\n\t\t\t\t\t\t\t<div class=\"elementor-grid-item\">\n\t\t\t\t\t<a class=\"elementor-icon elementor-social-icon elementor-social-icon-instagram elementor-repeater-item-a949ab7\" href=\"https:\/\/www.instagram.com\/musicalfruehlingingmunden\/\" target=\"_blank\">\n\t\t\t\t\t\t<span class=\"elementor-screen-only\">Instagram<\/span>\n\t\t\t\t\t\t<i class=\"fab fa-instagram\"><\/i>\t\t\t\t\t<\/a>\n\t\t\t\t<\/div>\n\t\t\t\t\t<\/div>\n\t\t\t\t<\/div>\n\t\t\t\t<\/div>\n\t\t\t\t<div class=\"elementor-element elementor-element-3e1065a elementor-widget__width-auto elementor-hidden-desktop elementor-hidden-tablet elementor-hidden-phone elementor-widget elementor-widget-global elementor-global-1668 elementor-widget-image\" data-id=\"3e1065a\" data-element_type=\"widget\" data-widget_type=\"image.default\">\n\t\t\t\t<div class=\"elementor-widget-container\">\n\t\t\t\t\t\t\t\t<div class=\"elementor-image\">\n\t\t\t\t\t\t\t\t\t\t\t\t\t<a href=\"https:\/\/musical-gmunden.com\/index.php\/english\/\">\n\t\t\t\t\t\t\t<img src=\"https:\/\/musical-gmunden.com\/wp-content\/uploads\/2023\/01\/EN.png\" title=\"EN\" alt=\"EN\" \/>\t\t\t\t\t\t\t\t<\/a>\n\t\t\t\t\t\t\t\t\t\t\t\t\t\t<\/div>\n\t\t\t\t\t\t<\/div>\n\t\t\t\t<\/div>\n\t\t\t\t\t\t<\/div>\n\t\t\t\t\t<\/div>\n\t\t<\/div>\n\t\t\t\t\t\t\t\t<\/div>\n\t\t\t\t\t<\/div>\n\t\t<\/section>\n\t\t\t\t<section class=\"elementor-section elementor-inner-section elementor-element elementor-element-6d19955 elementor-section-boxed elementor-section-height-default elementor-section-height-default\" data-id=\"6d19955\" data-element_type=\"section\">\n\t\t\t\t\t\t<div class=\"elementor-container elementor-column-gap-no\">\n\t\t\t\t\t\t\t<div class=\"elementor-row\">\n\t\t\t\t\t<div class=\"elementor-column elementor-col-100 elementor-inner-column elementor-element elementor-element-a9ef505\" data-id=\"a9ef505\" data-element_type=\"column\">\n\t\t\t<div class=\"elementor-column-wrap elementor-element-populated\">\n\t\t\t\t\t\t\t<div class=\"elementor-widget-wrap\">\n\t\t\t\t\t\t<div class=\"elementor-element elementor-element-1bf885a elementor-widget elementor-widget-button\" data-id=\"1bf885a\" data-element_type=\"widget\" data-widget_type=\"button.default\">\n\t\t\t\t<div class=\"elementor-widget-container\">\n\t\t\t\t\t<div class=\"elementor-button-wrapper\">\n\t\t\t<a href=\"https:\/\/musical-gmunden.com\/index.php\/dear-evan-hansen\/\" class=\"elementor-button-link elementor-button elementor-size-sm\" role=\"button\">\n\t\t\t\t\t\t<span class=\"elementor-button-content-wrapper\">\n\t\t\t\t\t\t<span class=\"elementor-button-text\">ZUR\u00dcCK<\/span>\n\t\t<\/span>\n\t\t\t\t\t<\/a>\n\t\t<\/div>\n\t\t\t\t<\/div>\n\t\t\t\t<\/div>\n\t\t\t\t\t\t<\/div>\n\t\t\t\t\t<\/div>\n\t\t<\/div>\n\t\t\t\t\t\t\t\t<\/div>\n\t\t\t\t\t<\/div>\n\t\t<\/section>\n\t\t\t\t<section class=\"elementor-section elementor-inner-section elementor-element elementor-element-252d724 elementor-reverse-mobile elementor-section-boxed elementor-section-height-default elementor-section-height-default\" data-id=\"252d724\" data-element_type=\"section\">\n\t\t\t\t\t\t<div class=\"elementor-container elementor-column-gap-custom\">\n\t\t\t\t\t\t\t<div class=\"elementor-row\">\n\t\t\t\t\t<div class=\"elementor-column elementor-col-50 elementor-inner-column elementor-element elementor-element-25dd897\" data-id=\"25dd897\" data-element_type=\"column\" data-settings=\"{&quot;background_background&quot;:&quot;classic&quot;}\">\n\t\t\t<div class=\"elementor-column-wrap elementor-element-populated\">\n\t\t\t\t\t\t\t<div class=\"elementor-widget-wrap\">\n\t\t\t\t\t\t<div class=\"elementor-element elementor-element-5acc2cf elementor-widget elementor-widget-heading\" data-id=\"5acc2cf\" data-element_type=\"widget\" data-widget_type=\"heading.default\">\n\t\t\t\t<div class=\"elementor-widget-container\">\n\t\t\t<h2 class=\"elementor-heading-title elementor-size-default\">Jonathan Hamouda K\u00fcgler<\/h2>\t\t<\/div>\n\t\t\t\t<\/div>\n\t\t\t\t<div class=\"elementor-element elementor-element-48cd606 elementor-widget elementor-widget-text-editor\" data-id=\"48cd606\" data-element_type=\"widget\" data-widget_type=\"text-editor.default\">\n\t\t\t\t<div class=\"elementor-widget-container\">\n\t\t\t\t\t\t\t\t<div class=\"elementor-text-editor elementor-clearfix\">\n\t\t\t\t\t<p>Jonathan Hamouda K\u00fcgler zeigte bereits im Alter von f\u00fcnf Jahren seine Leidenschaft f\u00fcr die B\u00fchnenkunst im Kindermusical Ritter Rost. Mit sechs Jahren begann er Violine zu spielen, was sein musikalisches Talent weiterentwickelte. Seine Reise f\u00fchrte ihn in den Kinderopernchor Chemnitz und sp\u00e4ter zum Studio WM Chemnitz, wo er seine B\u00fchnenfertigkeiten ausbaute.<\/p><p>Seit 2020 studiert er im Studiengang Musikalisches Unterhaltungstheater (MUNTER) an der MUK, wo er in verschiedenen Produktionen wie Elegies for Angels, Punks and Raging Queens als Doug und Miles sowie im Ensemble von Pippin wertvolle B\u00fchnenerfahrungen sammelte.<br \/>Im Sommer 2023 trat er im Ensemble des Musicals\u00a0Zorro\u00a0auf der Felsenb\u00fchne Staatz auf. Aktuell \u00fcberzeugt er an der Volksoper Wien in\u00a0Die Reise zum Mond\u00a0in der Rolle des Kaktus und als Cover des K\u00f6nig Kosmos und freut sich als Cover Connor Murphy bei der DSE von DEAR EVAN HANSEN beim Musical Fr\u00fchling in Gmunden zum ersten Mal dabei zu sein.<\/p>\t\t\t\t\t<\/div>\n\t\t\t\t\t\t<\/div>\n\t\t\t\t<\/div>\n\t\t\t\t\t\t<\/div>\n\t\t\t\t\t<\/div>\n\t\t<\/div>\n\t\t\t\t<div class=\"elementor-column elementor-col-50 elementor-inner-column elementor-element elementor-element-2487157\" data-id=\"2487157\" data-element_type=\"column\" data-settings=\"{&quot;background_background&quot;:&quot;classic&quot;}\">\n\t\t\t<div class=\"elementor-column-wrap elementor-element-populated\">\n\t\t\t\t\t\t\t<div class=\"elementor-widget-wrap\">\n\t\t\t\t\t\t<div class=\"elementor-element elementor-element-a2f881c elementor-widget elementor-widget-image\" data-id=\"a2f881c\" data-element_type=\"widget\" data-widget_type=\"image.default\">\n\t\t\t\t<div class=\"elementor-widget-container\">\n\t\t\t\t\t\t\t\t<div class=\"elementor-image\">\n\t\t\t\t\t\t\t\t\t<figure class=\"wp-caption\">\n\t\t\t\t\t\t\t\t\t\t<img width=\"1600\" height=\"1600\" src=\"https:\/\/musical-gmunden.com\/wp-content\/uploads\/2024\/02\/jonathan.jpg\" class=\"attachment-full size-full\" alt=\"\" loading=\"lazy\" srcset=\"https:\/\/musical-gmunden.com\/wp-content\/uploads\/2024\/02\/jonathan.jpg 1600w, https:\/\/musical-gmunden.com\/wp-content\/uploads\/2024\/02\/jonathan-300x300.jpg 300w, https:\/\/musical-gmunden.com\/wp-content\/uploads\/2024\/02\/jonathan-1024x1024.jpg 1024w, https:\/\/musical-gmunden.com\/wp-content\/uploads\/2024\/02\/jonathan-150x150.jpg 150w, https:\/\/musical-gmunden.com\/wp-content\/uploads\/2024\/02\/jonathan-768x768.jpg 768w, https:\/\/musical-gmunden.com\/wp-content\/uploads\/2024\/02\/jonathan-1536x1536.jpg 1536w\" sizes=\"(max-width: 1600px) 100vw, 1600px\" \/>\t\t\t\t\t\t\t\t\t\t\t<figcaption class=\"widget-image-caption wp-caption-text\"><\/figcaption>\n\t\t\t\t\t\t\t\t\t\t<\/figure>\n\t\t\t\t\t\t\t\t<\/div>\n\t\t\t\t\t\t<\/div>\n\t\t\t\t<\/div>\n\t\t\t\t<div class=\"elementor-element elementor-element-4324ea7 elementor-widget elementor-widget-text-editor\" data-id=\"4324ea7\" data-element_type=\"widget\" data-widget_type=\"text-editor.default\">\n\t\t\t\t<div class=\"elementor-widget-container\">\n\t\t\t\t\t\t\t\t<div class=\"elementor-text-editor elementor-clearfix\">\n\t\t\t\t\tFoto: Alexander Winter\t\t\t\t\t<\/div>\n\t\t\t\t\t\t<\/div>\n\t\t\t\t<\/div>\n\t\t\t\t\t\t<\/div>\n\t\t\t\t\t<\/div>\n\t\t<\/div>\n\t\t\t\t\t\t\t\t<\/div>\n\t\t\t\t\t<\/div>\n\t\t<\/section>\n\t\t\t\t<div class=\"elementor-element elementor-element-eb04656 elementor-widget elementor-widget-spacer\" data-id=\"eb04656\" data-element_type=\"widget\" data-widget_type=\"spacer.default\">\n\t\t\t\t<div class=\"elementor-widget-container\">\n\t\t\t\t\t<div class=\"elementor-spacer\">\n\t\t\t<div class=\"elementor-spacer-inner\"><\/div>\n\t\t<\/div>\n\t\t\t\t<\/div>\n\t\t\t\t<\/div>\n\t\t\t\t<div class=\"elementor-element elementor-element-080e869 elementor-widget elementor-widget-spacer\" data-id=\"080e869\" data-element_type=\"widget\" data-widget_type=\"spacer.default\">\n\t\t\t\t<div class=\"elementor-widget-container\">\n\t\t\t\t\t<div class=\"elementor-spacer\">\n\t\t\t<div class=\"elementor-spacer-inner\"><\/div>\n\t\t<\/div>\n\t\t\t\t<\/div>\n\t\t\t\t<\/div>\n\t\t\t\t\t\t<\/div>\n\t\t\t\t\t<\/div>\n\t\t<\/div>\n\t\t\t\t<div class=\"elementor-column elementor-col-50 elementor-top-column elementor-element elementor-element-d9d97ef\" data-id=\"d9d97ef\" data-element_type=\"column\" data-settings=\"{&quot;animation&quot;:&quot;none&quot;}\">\n\t\t\t<div class=\"elementor-column-wrap\">\n\t\t\t\t\t\t\t<div class=\"elementor-widget-wrap\">\n\t\t\t\t\t\t\t\t<\/div>\n\t\t\t\t\t<\/div>\n\t\t<\/div>\n\t\t\t\t\t\t\t\t<\/div>\n\t\t\t\t\t<\/div>\n\t\t<\/section>\n\t\t\t\t\t\t<\/div>\n\t\t\t\t\t\t<\/div>\n\t\t\t\t\t<\/div>\n\t\t","protected":false},"excerpt":{"rendered":"<p>Start Dear Evan Hansen Preisverleihung Tickets \u00dcber uns Newsletter Gmunden Erleben Kontakt Tontr\u00e4ger Produktionen Facebook Instagram ZUR\u00dcCK Jonathan Hamouda K\u00fcgler Jonathan Hamouda K\u00fcgler zeigte bereits im Alter von f\u00fcnf Jahren seine Leidenschaft f\u00fcr die B\u00fchnenkunst im Kindermusical Ritter Rost. Mit sechs Jahren begann er Violine zu spielen, was sein musikalisches Talent weiterentwickelte. Seine Reise f\u00fchrte [&hellip;]<\/p>\n","protected":false},"author":2,"featured_media":3473,"parent":0,"menu_order":0,"comment_status":"closed","ping_status":"closed","template":"elementor_canvas","meta":[],"yoast_head":"<!-- This site is optimized with the Yoast SEO plugin v18.4.1 - https:\/\/yoast.com\/wordpress\/plugins\/seo\/ -->\n<title>Jonathan Hamouda K\u00fcgler - Musical Fr\u00fchling in Gmunden<\/title>\n<meta name=\"robots\" content=\"index, follow, max-snippet:-1, max-image-preview:large, max-video-preview:-1\" \/>\n<link rel=\"canonical\" href=\"https:\/\/musical-gmunden.com\/index.php\/jonathan-hamouda-kuegler\/\" \/>\n<meta name=\"twitter:label1\" content=\"Gesch\u00e4tzte Lesezeit\" \/>\n\t<meta name=\"twitter:data1\" content=\"2\u00a0Minuten\" \/>\n<script type=\"application\/ld+json\" class=\"yoast-schema-graph\">{\"@context\":\"https:\/\/schema.org\",\"@graph\":[{\"@type\":\"Organization\",\"@id\":\"https:\/\/musical-gmunden.com\/#organization\",\"name\":\"Verein MUSICAL FR\u00dcHLING IN GMUNDEN\",\"url\":\"https:\/\/musical-gmunden.com\/\",\"sameAs\":[],\"logo\":{\"@type\":\"ImageObject\",\"@id\":\"https:\/\/musical-gmunden.com\/#logo\",\"inLanguage\":\"de\",\"url\":\"https:\/\/musical-gmunden.com\/wp-content\/uploads\/2023\/07\/logoNEU.jpg\",\"contentUrl\":\"https:\/\/musical-gmunden.com\/wp-content\/uploads\/2023\/07\/logoNEU.jpg\",\"width\":1299,\"height\":1299,\"caption\":\"Verein MUSICAL FR\u00dcHLING IN GMUNDEN\"},\"image\":{\"@id\":\"https:\/\/musical-gmunden.com\/#logo\"}},{\"@type\":\"WebSite\",\"@id\":\"https:\/\/musical-gmunden.com\/#website\",\"url\":\"https:\/\/musical-gmunden.com\/\",\"name\":\"Musical Fr\u00fchling in Gmunden\",\"description\":\"\",\"publisher\":{\"@id\":\"https:\/\/musical-gmunden.com\/#organization\"},\"potentialAction\":[{\"@type\":\"SearchAction\",\"target\":{\"@type\":\"EntryPoint\",\"urlTemplate\":\"https:\/\/musical-gmunden.com\/?s={search_term_string}\"},\"query-input\":\"required name=search_term_string\"}],\"inLanguage\":\"de\"},{\"@type\":\"ImageObject\",\"@id\":\"https:\/\/musical-gmunden.com\/index.php\/jonathan-hamouda-kuegler\/#primaryimage\",\"inLanguage\":\"de\",\"url\":\"https:\/\/musical-gmunden.com\/wp-content\/uploads\/2022\/01\/elisabeth.jpg\",\"contentUrl\":\"https:\/\/musical-gmunden.com\/wp-content\/uploads\/2022\/01\/elisabeth.jpg\",\"width\":500,\"height\":500},{\"@type\":\"WebPage\",\"@id\":\"https:\/\/musical-gmunden.com\/index.php\/jonathan-hamouda-kuegler\/#webpage\",\"url\":\"https:\/\/musical-gmunden.com\/index.php\/jonathan-hamouda-kuegler\/\",\"name\":\"Jonathan Hamouda K\u00fcgler - Musical Fr\u00fchling in Gmunden\",\"isPartOf\":{\"@id\":\"https:\/\/musical-gmunden.com\/#website\"},\"primaryImageOfPage\":{\"@id\":\"https:\/\/musical-gmunden.com\/index.php\/jonathan-hamouda-kuegler\/#primaryimage\"},\"datePublished\":\"2024-02-02T17:09:29+00:00\",\"dateModified\":\"2024-02-08T16:27:11+00:00\",\"breadcrumb\":{\"@id\":\"https:\/\/musical-gmunden.com\/index.php\/jonathan-hamouda-kuegler\/#breadcrumb\"},\"inLanguage\":\"de\",\"potentialAction\":[{\"@type\":\"ReadAction\",\"target\":[\"https:\/\/musical-gmunden.com\/index.php\/jonathan-hamouda-kuegler\/\"]}]},{\"@type\":\"BreadcrumbList\",\"@id\":\"https:\/\/musical-gmunden.com\/index.php\/jonathan-hamouda-kuegler\/#breadcrumb\",\"itemListElement\":[{\"@type\":\"ListItem\",\"position\":1,\"name\":\"Startseite\",\"item\":\"https:\/\/musical-gmunden.com\/\"},{\"@type\":\"ListItem\",\"position\":2,\"name\":\"Jonathan Hamouda K\u00fcgler\"}]}]}<\/script>\n<!-- \/ Yoast SEO plugin. -->","yoast_head_json":{"title":"Jonathan Hamouda K\u00fcgler - Musical Fr\u00fchling in Gmunden","robots":{"index":"index","follow":"follow","max-snippet":"max-snippet:-1","max-image-preview":"max-image-preview:large","max-video-preview":"max-video-preview:-1"},"canonical":"https:\/\/musical-gmunden.com\/index.php\/jonathan-hamouda-kuegler\/","twitter_misc":{"Gesch\u00e4tzte Lesezeit":"2\u00a0Minuten"},"schema":{"@context":"https:\/\/schema.org","@graph":[{"@type":"Organization","@id":"https:\/\/musical-gmunden.com\/#organization","name":"Verein MUSICAL FR\u00dcHLING IN GMUNDEN","url":"https:\/\/musical-gmunden.com\/","sameAs":[],"logo":{"@type":"ImageObject","@id":"https:\/\/musical-gmunden.com\/#logo","inLanguage":"de","url":"https:\/\/musical-gmunden.com\/wp-content\/uploads\/2023\/07\/logoNEU.jpg","contentUrl":"https:\/\/musical-gmunden.com\/wp-content\/uploads\/2023\/07\/logoNEU.jpg","width":1299,"height":1299,"caption":"Verein MUSICAL FR\u00dcHLING IN GMUNDEN"},"image":{"@id":"https:\/\/musical-gmunden.com\/#logo"}},{"@type":"WebSite","@id":"https:\/\/musical-gmunden.com\/#website","url":"https:\/\/musical-gmunden.com\/","name":"Musical Fr\u00fchling in Gmunden","description":"","publisher":{"@id":"https:\/\/musical-gmunden.com\/#organization"},"potentialAction":[{"@type":"SearchAction","target":{"@type":"EntryPoint","urlTemplate":"https:\/\/musical-gmunden.com\/?s={search_term_string}"},"query-input":"required name=search_term_string"}],"inLanguage":"de"},{"@type":"ImageObject","@id":"https:\/\/musical-gmunden.com\/index.php\/jonathan-hamouda-kuegler\/#primaryimage","inLanguage":"de","url":"https:\/\/musical-gmunden.com\/wp-content\/uploads\/2022\/01\/elisabeth.jpg","contentUrl":"https:\/\/musical-gmunden.com\/wp-content\/uploads\/2022\/01\/elisabeth.jpg","width":500,"height":500},{"@type":"WebPage","@id":"https:\/\/musical-gmunden.com\/index.php\/jonathan-hamouda-kuegler\/#webpage","url":"https:\/\/musical-gmunden.com\/index.php\/jonathan-hamouda-kuegler\/","name":"Jonathan Hamouda K\u00fcgler - Musical Fr\u00fchling in Gmunden","isPartOf":{"@id":"https:\/\/musical-gmunden.com\/#website"},"primaryImageOfPage":{"@id":"https:\/\/musical-gmunden.com\/index.php\/jonathan-hamouda-kuegler\/#primaryimage"},"datePublished":"2024-02-02T17:09:29+00:00","dateModified":"2024-02-08T16:27:11+00:00","breadcrumb":{"@id":"https:\/\/musical-gmunden.com\/index.php\/jonathan-hamouda-kuegler\/#breadcrumb"},"inLanguage":"de","potentialAction":[{"@type":"ReadAction","target":["https:\/\/musical-gmunden.com\/index.php\/jonathan-hamouda-kuegler\/"]}]},{"@type":"BreadcrumbList","@id":"https:\/\/musical-gmunden.com\/index.php\/jonathan-hamouda-kuegler\/#breadcrumb","itemListElement":[{"@type":"ListItem","position":1,"name":"Startseite","item":"https:\/\/musical-gmunden.com\/"},{"@type":"ListItem","position":2,"name":"Jonathan Hamouda K\u00fcgler"}]}]}},"_links":{"self":[{"href":"https:\/\/musical-gmunden.com\/index.php\/wp-json\/wp\/v2\/pages\/3998"}],"collection":[{"href":"https:\/\/musical-gmunden.com\/index.php\/wp-json\/wp\/v2\/pages"}],"about":[{"href":"https:\/\/musical-gmunden.com\/index.php\/wp-json\/wp\/v2\/types\/page"}],"author":[{"embeddable":true,"href":"https:\/\/musical-gmunden.com\/index.php\/wp-json\/wp\/v2\/users\/2"}],"replies":[{"embeddable":true,"href":"https:\/\/musical-gmunden.com\/index.php\/wp-json\/wp\/v2\/comments?post=3998"}],"version-history":[{"count":0,"href":"https:\/\/musical-gmunden.com\/index.php\/wp-json\/wp\/v2\/pages\/3998\/revisions"}],"wp:featuredmedia":[{"embeddable":true,"href":"https:\/\/musical-gmunden.com\/index.php\/wp-json\/wp\/v2\/media\/3473"}],"wp:attachment":[{"href":"https:\/\/musical-gmunden.com\/index.php\/wp-json\/wp\/v2\/media?parent=3998"}],"curies":[{"name":"wp","href":"https:\/\/api.w.org\/{rel}","templated":true}]}}