{"id":4431,"date":"2024-11-27T14:35:45","date_gmt":"2024-11-27T13:35:45","guid":{"rendered":"https:\/\/musical-gmunden.com\/?page_id=4431"},"modified":"2024-11-27T14:38:05","modified_gmt":"2024-11-27T13:38:05","slug":"julia-pschedezki","status":"publish","type":"page","link":"https:\/\/musical-gmunden.com\/index.php\/julia-pschedezki\/","title":{"rendered":"Julia Pschedezki"},"content":{"rendered":"\t\t<div data-elementor-type=\"wp-page\" data-elementor-id=\"4431\" class=\"elementor elementor-4431\" data-elementor-settings=\"[]\">\n\t\t\t\t\t\t<div class=\"elementor-inner\">\n\t\t\t\t\t\t\t<div class=\"elementor-section-wrap\">\n\t\t\t\t\t\t\t<section class=\"elementor-section elementor-top-section elementor-element elementor-element-dd783ab elementor-section-full_width elementor-section-height-default elementor-section-height-default\" data-id=\"dd783ab\" data-element_type=\"section\" data-settings=\"{&quot;background_background&quot;:&quot;classic&quot;}\">\n\t\t\t\t\t\t<div class=\"elementor-container elementor-column-gap-no\">\n\t\t\t\t\t\t\t<div class=\"elementor-row\">\n\t\t\t\t\t<div class=\"elementor-column elementor-col-100 elementor-top-column elementor-element elementor-element-8a97568\" data-id=\"8a97568\" data-element_type=\"column\">\n\t\t\t<div class=\"elementor-column-wrap elementor-element-populated\">\n\t\t\t\t\t\t\t<div class=\"elementor-widget-wrap\">\n\t\t\t\t\t\t<div class=\"elementor-element elementor-element-d8302ce elementor-widget elementor-widget-image\" data-id=\"d8302ce\" data-element_type=\"widget\" data-widget_type=\"image.default\">\n\t\t\t\t<div class=\"elementor-widget-container\">\n\t\t\t\t\t\t\t\t<div class=\"elementor-image\">\n\t\t\t\t\t\t\t\t\t\t\t\t<img src=\"https:\/\/musical-gmunden.com\/wp-content\/uploads\/2021\/05\/musical-fruehling2_cut.svg\" title=\"musical-fruehling2_cut\" alt=\"musical-fruehling2_cut\" \/>\t\t\t\t\t\t\t\t\t\t\t\t\t\t<\/div>\n\t\t\t\t\t\t<\/div>\n\t\t\t\t<\/div>\n\t\t\t\t\t\t<\/div>\n\t\t\t\t\t<\/div>\n\t\t<\/div>\n\t\t\t\t\t\t\t\t<\/div>\n\t\t\t\t\t<\/div>\n\t\t<\/section>\n\t\t\t\t<section class=\"elementor-section elementor-top-section elementor-element elementor-element-5e74db1 elementor-section-full_width elementor-section-height-default elementor-section-height-default\" data-id=\"5e74db1\" data-element_type=\"section\" data-settings=\"{&quot;background_background&quot;:&quot;classic&quot;,&quot;animation&quot;:&quot;none&quot;}\">\n\t\t\t\t\t\t<div class=\"elementor-container elementor-column-gap-no\">\n\t\t\t\t\t\t\t<div class=\"elementor-row\">\n\t\t\t\t\t<div class=\"elementor-column elementor-col-50 elementor-top-column elementor-element elementor-element-dfdf470\" data-id=\"dfdf470\" data-element_type=\"column\">\n\t\t\t<div class=\"elementor-column-wrap elementor-element-populated\">\n\t\t\t\t\t\t\t<div class=\"elementor-widget-wrap\">\n\t\t\t\t\t\t<section class=\"elementor-section elementor-inner-section elementor-element elementor-element-f212dbc elementor-section-full_width elementor-section-content-middle elementor-section-height-default elementor-section-height-default\" data-id=\"f212dbc\" data-element_type=\"section\" data-settings=\"{&quot;sticky&quot;:&quot;top&quot;,&quot;sticky_on&quot;:[&quot;desktop&quot;,&quot;tablet&quot;,&quot;mobile&quot;],&quot;sticky_offset&quot;:0,&quot;sticky_effects_offset&quot;:0}\">\n\t\t\t\t\t\t<div class=\"elementor-container elementor-column-gap-no\">\n\t\t\t\t\t\t\t<div class=\"elementor-row\">\n\t\t\t\t\t<div class=\"elementor-column elementor-col-50 elementor-inner-column elementor-element elementor-element-089d010\" data-id=\"089d010\" data-element_type=\"column\">\n\t\t\t<div class=\"elementor-column-wrap elementor-element-populated\">\n\t\t\t\t\t\t\t<div class=\"elementor-widget-wrap\">\n\t\t\t\t\t\t<div class=\"elementor-element elementor-element-6b2bf3d elementor-widget elementor-widget-global elementor-global-1012 elementor-widget-full-screen-menu-for-elementor\" data-id=\"6b2bf3d\" data-element_type=\"widget\" data-widget_type=\"full-screen-menu-for-elementor.default\">\n\t\t\t\t<div class=\"elementor-widget-container\">\n\t\t\t\t\t<div class=\"fsmfe-wrapper\">\n\t\t\t<input type=\"checkbox\" id=\"menu-toggle-69e887f998997\" class=\"menu-toggle\">\n\t\t\t<label for=\"menu-toggle-69e887f998997\" class=\"icon-bars\">\n\t\t\t\t<span class=\"icon-bar bar-top\"><\/span>\n\t\t\t\t<span class=\"icon-bar bar-middle\"><\/span>\n\t\t\t\t<span class=\"icon-bar bar-bottom\"><\/span>\n\t\t\t<\/label>\n\t\t\t<div class=\"menu-overlay\">\n\t\t\t\t<div class=\"content-type-menu\">\n\t\t\t\t\t<ul id=\"menu-testmenu\" class=\"content-type-menu\"><li id=\"menu-item-879\" class=\"menu-item menu-item-type-post_type menu-item-object-page menu-item-home menu-item-879\"><a href=\"https:\/\/musical-gmunden.com\/\">Start<\/a><\/li>\n<li id=\"menu-item-4777\" class=\"menu-item menu-item-type-post_type menu-item-object-page menu-item-4777\"><a href=\"https:\/\/musical-gmunden.com\/index.php\/girl-from-the-north-country\/\">Girl From The North Country<\/a><\/li>\n<li id=\"menu-item-3608\" class=\"menu-item menu-item-type-post_type menu-item-object-page menu-item-3608\"><a href=\"https:\/\/musical-gmunden.com\/index.php\/tickets\/\">Tickets<\/a><\/li>\n<li id=\"menu-item-923\" class=\"menu-item menu-item-type-post_type menu-item-object-page menu-item-923\"><a href=\"https:\/\/musical-gmunden.com\/index.php\/ueber-uns\/\">\u00dcber uns<\/a><\/li>\n<li id=\"menu-item-1843\" class=\"menu-item menu-item-type-post_type menu-item-object-page menu-item-1843\"><a href=\"https:\/\/musical-gmunden.com\/index.php\/archiv\/\">Produktionen<\/a><\/li>\n<li id=\"menu-item-1438\" class=\"menu-item menu-item-type-post_type menu-item-object-page menu-item-1438\"><a href=\"https:\/\/musical-gmunden.com\/index.php\/newsletter\/\">Newsletter<\/a><\/li>\n<li id=\"menu-item-1435\" class=\"menu-item menu-item-type-post_type menu-item-object-page menu-item-1435\"><a href=\"https:\/\/musical-gmunden.com\/index.php\/gmunden-erleben\/\">Gmunden Erleben<\/a><\/li>\n<li id=\"menu-item-1437\" class=\"menu-item menu-item-type-post_type menu-item-object-page menu-item-1437\"><a href=\"https:\/\/musical-gmunden.com\/index.php\/kontakt\/\">Kontakt<\/a><\/li>\n<li id=\"menu-item-1434\" class=\"menu-item menu-item-type-post_type menu-item-object-page menu-item-1434\"><a href=\"https:\/\/musical-gmunden.com\/index.php\/tontraeger\/\">Tontr\u00e4ger<\/a><\/li>\n<li id=\"menu-item-4661\" class=\"menu-item menu-item-type-post_type menu-item-object-page menu-item-4661\"><a href=\"https:\/\/musical-gmunden.com\/index.php\/preisverleihung-2024\/\">Preisverleihung 2024<\/a><\/li>\n<li id=\"menu-item-3835\" class=\"menu-item menu-item-type-post_type menu-item-object-page menu-item-3835\"><a href=\"https:\/\/musical-gmunden.com\/index.php\/preisverleihung-2023\/\">Preisverleihung 2023<\/a><\/li>\n<\/ul>\t\t\t\t<\/div>\n\t\t\t<\/div>\n\t\t<\/div>\n\t\t\t\t<\/div>\n\t\t\t\t<\/div>\n\t\t\t\t\t\t<\/div>\n\t\t\t\t\t<\/div>\n\t\t<\/div>\n\t\t\t\t<div class=\"elementor-column elementor-col-50 elementor-inner-column elementor-element elementor-element-e9e0c98\" data-id=\"e9e0c98\" data-element_type=\"column\">\n\t\t\t<div class=\"elementor-column-wrap elementor-element-populated\">\n\t\t\t\t\t\t\t<div class=\"elementor-widget-wrap\">\n\t\t\t\t\t\t<div class=\"elementor-element elementor-element-adc9478 elementor-shape-square elementor-grid-mobile-0 e-grid-align-right elementor-widget__width-auto elementor-grid-0 elementor-widget elementor-widget-global elementor-global-1157 elementor-widget-social-icons\" data-id=\"adc9478\" data-element_type=\"widget\" data-widget_type=\"social-icons.default\">\n\t\t\t\t<div class=\"elementor-widget-container\">\n\t\t\t\t\t<div class=\"elementor-social-icons-wrapper elementor-grid\">\n\t\t\t\t\t\t\t<div class=\"elementor-grid-item\">\n\t\t\t\t\t<a class=\"elementor-icon elementor-social-icon elementor-social-icon-facebook elementor-repeater-item-13e40cd\" href=\"https:\/\/www.facebook.com\/musicalgmunden\/\" target=\"_blank\">\n\t\t\t\t\t\t<span class=\"elementor-screen-only\">Facebook<\/span>\n\t\t\t\t\t\t<i class=\"fab fa-facebook\"><\/i>\t\t\t\t\t<\/a>\n\t\t\t\t<\/div>\n\t\t\t\t\t\t\t<div class=\"elementor-grid-item\">\n\t\t\t\t\t<a class=\"elementor-icon elementor-social-icon elementor-social-icon-instagram elementor-repeater-item-a949ab7\" href=\"https:\/\/www.instagram.com\/musicalfruehlingingmunden\/\" target=\"_blank\">\n\t\t\t\t\t\t<span class=\"elementor-screen-only\">Instagram<\/span>\n\t\t\t\t\t\t<i class=\"fab fa-instagram\"><\/i>\t\t\t\t\t<\/a>\n\t\t\t\t<\/div>\n\t\t\t\t\t<\/div>\n\t\t\t\t<\/div>\n\t\t\t\t<\/div>\n\t\t\t\t<div class=\"elementor-element elementor-element-3e1065a elementor-widget__width-auto elementor-hidden-desktop elementor-hidden-tablet elementor-hidden-phone elementor-widget elementor-widget-global elementor-global-1668 elementor-widget-image\" data-id=\"3e1065a\" data-element_type=\"widget\" data-widget_type=\"image.default\">\n\t\t\t\t<div class=\"elementor-widget-container\">\n\t\t\t\t\t\t\t\t<div class=\"elementor-image\">\n\t\t\t\t\t\t\t\t\t\t\t\t\t<a href=\"https:\/\/musical-gmunden.com\/index.php\/english\/\">\n\t\t\t\t\t\t\t<img src=\"https:\/\/musical-gmunden.com\/wp-content\/uploads\/2023\/01\/EN.png\" title=\"EN\" alt=\"EN\" \/>\t\t\t\t\t\t\t\t<\/a>\n\t\t\t\t\t\t\t\t\t\t\t\t\t\t<\/div>\n\t\t\t\t\t\t<\/div>\n\t\t\t\t<\/div>\n\t\t\t\t\t\t<\/div>\n\t\t\t\t\t<\/div>\n\t\t<\/div>\n\t\t\t\t\t\t\t\t<\/div>\n\t\t\t\t\t<\/div>\n\t\t<\/section>\n\t\t\t\t<section class=\"elementor-section elementor-inner-section elementor-element elementor-element-6d19955 elementor-section-boxed elementor-section-height-default elementor-section-height-default\" data-id=\"6d19955\" data-element_type=\"section\">\n\t\t\t\t\t\t<div class=\"elementor-container elementor-column-gap-no\">\n\t\t\t\t\t\t\t<div class=\"elementor-row\">\n\t\t\t\t\t<div class=\"elementor-column elementor-col-100 elementor-inner-column elementor-element elementor-element-a9ef505\" data-id=\"a9ef505\" data-element_type=\"column\">\n\t\t\t<div class=\"elementor-column-wrap elementor-element-populated\">\n\t\t\t\t\t\t\t<div class=\"elementor-widget-wrap\">\n\t\t\t\t\t\t<div class=\"elementor-element elementor-element-47d1558 elementor-widget elementor-widget-global elementor-global-4269 elementor-widget-button\" data-id=\"47d1558\" data-element_type=\"widget\" data-widget_type=\"button.default\">\n\t\t\t\t<div class=\"elementor-widget-container\">\n\t\t\t\t\t<div class=\"elementor-button-wrapper\">\n\t\t\t<a href=\"https:\/\/musical-gmunden.com\/index.php\/saving-mozart\/\" class=\"elementor-button-link elementor-button elementor-size-sm\" role=\"button\">\n\t\t\t\t\t\t<span class=\"elementor-button-content-wrapper\">\n\t\t\t\t\t\t<span class=\"elementor-button-text\">ZUR\u00dcCK<\/span>\n\t\t<\/span>\n\t\t\t\t\t<\/a>\n\t\t<\/div>\n\t\t\t\t<\/div>\n\t\t\t\t<\/div>\n\t\t\t\t\t\t<\/div>\n\t\t\t\t\t<\/div>\n\t\t<\/div>\n\t\t\t\t\t\t\t\t<\/div>\n\t\t\t\t\t<\/div>\n\t\t<\/section>\n\t\t\t\t<section class=\"elementor-section elementor-inner-section elementor-element elementor-element-252d724 elementor-reverse-mobile elementor-section-boxed elementor-section-height-default elementor-section-height-default\" data-id=\"252d724\" data-element_type=\"section\">\n\t\t\t\t\t\t<div class=\"elementor-container elementor-column-gap-custom\">\n\t\t\t\t\t\t\t<div class=\"elementor-row\">\n\t\t\t\t\t<div class=\"elementor-column elementor-col-50 elementor-inner-column elementor-element elementor-element-25dd897\" data-id=\"25dd897\" data-element_type=\"column\" data-settings=\"{&quot;background_background&quot;:&quot;classic&quot;}\">\n\t\t\t<div class=\"elementor-column-wrap elementor-element-populated\">\n\t\t\t\t\t\t\t<div class=\"elementor-widget-wrap\">\n\t\t\t\t\t\t<div class=\"elementor-element elementor-element-5acc2cf elementor-widget elementor-widget-heading\" data-id=\"5acc2cf\" data-element_type=\"widget\" data-widget_type=\"heading.default\">\n\t\t\t\t<div class=\"elementor-widget-container\">\n\t\t\t<h2 class=\"elementor-heading-title elementor-size-default\">Julia Pschedezki<\/h2>\t\t<\/div>\n\t\t\t\t<\/div>\n\t\t\t\t<div class=\"elementor-element elementor-element-f82fdc9 elementor-widget elementor-widget-heading\" data-id=\"f82fdc9\" data-element_type=\"widget\" data-widget_type=\"heading.default\">\n\t\t\t\t<div class=\"elementor-widget-container\">\n\t\t\t<h5 class=\"elementor-heading-title elementor-size-default\">Kost\u00fcme<\/h5>\t\t<\/div>\n\t\t\t\t<\/div>\n\t\t\t\t<div class=\"elementor-element elementor-element-48cd606 elementor-widget elementor-widget-text-editor\" data-id=\"48cd606\" data-element_type=\"widget\" data-widget_type=\"text-editor.default\">\n\t\t\t\t<div class=\"elementor-widget-container\">\n\t\t\t\t\t\t\t\t<div class=\"elementor-text-editor elementor-clearfix\">\n\t\t\t\t\t<p>Geboren in Taschkent und in Deutschland aufgewachsen, begann Julia Pschedezki ihre kreative Reise mit einem Studium des Operngesangs an der Musikhochschule L\u00fcbeck.<\/p><p>Anschlie\u00dfend setzte sie ihre Ausbildung an der Universit\u00e4t f\u00fcr Musik und Darstellende Kunst in Wien fort und schloss 2017 mit einem Bachelor ab. In dieser Zeit sammelte sie umfangreiche Erfahrungen im Bereich B\u00fchne und Musiktheater.<\/p><p>Im Jahr 2020 erlangte sie ihr Diplom f\u00fcr Mode- und Textildesign am Modekolleg Herbststra\u00dfe in Wien, wo ihre Abschlusskollektion w\u00e4hrend der Vienna Fashion Week pr\u00e4sentiert wurde. Es folgten Assistenzen im Bereich Opern- und Theaterkost\u00fcm, unter anderem an der Volksoper Wien, am Theater im Park unter der Regie von Michael Niavarani und bei den Salzburger Festspielen.<\/p><p>Im Jahr 2021 entwarf Julia B\u00fchnenkost\u00fcme f\u00fcr die Inszenierung von &#8222;Don Giovanni&#8220; im Schlosstheater Sch\u00f6nbrunn. Im Rahmen der Herbsttage Blindenmarkt waren ihre Kost\u00fcme f\u00fcr &#8222;Emil und die Detektive&#8220; zu sehen.<\/p><p>2023 kreierte sie Kost\u00fcme f\u00fcr Didier von Orlowskys<br \/>Jugendtheaterinszenierung &#8222;Der eingebildete Kranke&#8220; sowie f\u00fcr die Oper &#8222;H\u00e4nsel und Gretel&#8220; im Tram-Museum Z\u00fcrich.<br \/>Im Jahr 2024 stattete sie die Operette &#8222;Maske in Blau&#8220; und das Kindermusical &#8222;Frau Holle&#8220; mit Kost\u00fcmen aus, die im Oktober in Blindenmarkt Premiere feierten.<\/p><p>Parallel dazu arbeitet Julia an der Entwicklung ihres eigenen Modelabels.<\/p>\t\t\t\t\t<\/div>\n\t\t\t\t\t\t<\/div>\n\t\t\t\t<\/div>\n\t\t\t\t\t\t<\/div>\n\t\t\t\t\t<\/div>\n\t\t<\/div>\n\t\t\t\t<div class=\"elementor-column elementor-col-50 elementor-inner-column elementor-element elementor-element-2487157\" data-id=\"2487157\" data-element_type=\"column\" data-settings=\"{&quot;background_background&quot;:&quot;classic&quot;}\">\n\t\t\t<div class=\"elementor-column-wrap elementor-element-populated\">\n\t\t\t\t\t\t\t<div class=\"elementor-widget-wrap\">\n\t\t\t\t\t\t<div class=\"elementor-element elementor-element-a2f881c elementor-widget elementor-widget-image\" data-id=\"a2f881c\" data-element_type=\"widget\" data-widget_type=\"image.default\">\n\t\t\t\t<div class=\"elementor-widget-container\">\n\t\t\t\t\t\t\t\t<div class=\"elementor-image\">\n\t\t\t\t\t\t\t\t\t<figure class=\"wp-caption\">\n\t\t\t\t\t\t\t\t\t\t<img width=\"699\" height=\"699\" src=\"https:\/\/musical-gmunden.com\/wp-content\/uploads\/2024\/11\/julia.jpg\" class=\"attachment-full size-full\" alt=\"\" loading=\"lazy\" srcset=\"https:\/\/musical-gmunden.com\/wp-content\/uploads\/2024\/11\/julia.jpg 699w, https:\/\/musical-gmunden.com\/wp-content\/uploads\/2024\/11\/julia-300x300.jpg 300w, https:\/\/musical-gmunden.com\/wp-content\/uploads\/2024\/11\/julia-150x150.jpg 150w\" sizes=\"(max-width: 699px) 100vw, 699px\" \/>\t\t\t\t\t\t\t\t\t\t\t<figcaption class=\"widget-image-caption wp-caption-text\"><\/figcaption>\n\t\t\t\t\t\t\t\t\t\t<\/figure>\n\t\t\t\t\t\t\t\t<\/div>\n\t\t\t\t\t\t<\/div>\n\t\t\t\t<\/div>\n\t\t\t\t<div class=\"elementor-element elementor-element-4324ea7 elementor-widget elementor-widget-text-editor\" data-id=\"4324ea7\" data-element_type=\"widget\" data-widget_type=\"text-editor.default\">\n\t\t\t\t<div class=\"elementor-widget-container\">\n\t\t\t\t\t\t\t\t<div class=\"elementor-text-editor elementor-clearfix\">\n\t\t\t\t\t\t\t\t\t\t<\/div>\n\t\t\t\t\t\t<\/div>\n\t\t\t\t<\/div>\n\t\t\t\t\t\t<\/div>\n\t\t\t\t\t<\/div>\n\t\t<\/div>\n\t\t\t\t\t\t\t\t<\/div>\n\t\t\t\t\t<\/div>\n\t\t<\/section>\n\t\t\t\t<div class=\"elementor-element elementor-element-eb04656 elementor-widget elementor-widget-spacer\" data-id=\"eb04656\" data-element_type=\"widget\" data-widget_type=\"spacer.default\">\n\t\t\t\t<div class=\"elementor-widget-container\">\n\t\t\t\t\t<div class=\"elementor-spacer\">\n\t\t\t<div class=\"elementor-spacer-inner\"><\/div>\n\t\t<\/div>\n\t\t\t\t<\/div>\n\t\t\t\t<\/div>\n\t\t\t\t<div class=\"elementor-element elementor-element-080e869 elementor-widget elementor-widget-spacer\" data-id=\"080e869\" data-element_type=\"widget\" data-widget_type=\"spacer.default\">\n\t\t\t\t<div class=\"elementor-widget-container\">\n\t\t\t\t\t<div class=\"elementor-spacer\">\n\t\t\t<div class=\"elementor-spacer-inner\"><\/div>\n\t\t<\/div>\n\t\t\t\t<\/div>\n\t\t\t\t<\/div>\n\t\t\t\t\t\t<\/div>\n\t\t\t\t\t<\/div>\n\t\t<\/div>\n\t\t\t\t<div class=\"elementor-column elementor-col-50 elementor-top-column elementor-element elementor-element-d9d97ef\" data-id=\"d9d97ef\" data-element_type=\"column\" data-settings=\"{&quot;animation&quot;:&quot;none&quot;}\">\n\t\t\t<div class=\"elementor-column-wrap\">\n\t\t\t\t\t\t\t<div class=\"elementor-widget-wrap\">\n\t\t\t\t\t\t\t\t<\/div>\n\t\t\t\t\t<\/div>\n\t\t<\/div>\n\t\t\t\t\t\t\t\t<\/div>\n\t\t\t\t\t<\/div>\n\t\t<\/section>\n\t\t\t\t\t\t<\/div>\n\t\t\t\t\t\t<\/div>\n\t\t\t\t\t<\/div>\n\t\t","protected":false},"excerpt":{"rendered":"<p>Start Saving Mozart Preisverleihung Tickets \u00dcber uns Newsletter Gmunden Erleben Kontakt Tontr\u00e4ger Produktionen Facebook Instagram ZUR\u00dcCK Julia Pschedezki Kost\u00fcme Geboren in Taschkent und in Deutschland aufgewachsen, begann Julia Pschedezki ihre kreative Reise mit einem Studium des Operngesangs an der Musikhochschule L\u00fcbeck. Anschlie\u00dfend setzte sie ihre Ausbildung an der Universit\u00e4t f\u00fcr Musik und Darstellende Kunst in [&hellip;]<\/p>\n","protected":false},"author":2,"featured_media":3473,"parent":0,"menu_order":0,"comment_status":"closed","ping_status":"closed","template":"elementor_canvas","meta":[],"yoast_head":"<!-- This site is optimized with the Yoast SEO plugin v18.4.1 - https:\/\/yoast.com\/wordpress\/plugins\/seo\/ -->\n<title>Julia Pschedezki - Musical Fr\u00fchling in Gmunden<\/title>\n<meta name=\"robots\" content=\"index, follow, max-snippet:-1, max-image-preview:large, max-video-preview:-1\" \/>\n<link rel=\"canonical\" href=\"https:\/\/musical-gmunden.com\/index.php\/julia-pschedezki\/\" \/>\n<meta name=\"twitter:label1\" content=\"Gesch\u00e4tzte Lesezeit\" \/>\n\t<meta name=\"twitter:data1\" content=\"2\u00a0Minuten\" \/>\n<script type=\"application\/ld+json\" class=\"yoast-schema-graph\">{\"@context\":\"https:\/\/schema.org\",\"@graph\":[{\"@type\":\"Organization\",\"@id\":\"https:\/\/musical-gmunden.com\/#organization\",\"name\":\"Verein MUSICAL FR\u00dcHLING IN GMUNDEN\",\"url\":\"https:\/\/musical-gmunden.com\/\",\"sameAs\":[],\"logo\":{\"@type\":\"ImageObject\",\"@id\":\"https:\/\/musical-gmunden.com\/#logo\",\"inLanguage\":\"de\",\"url\":\"https:\/\/musical-gmunden.com\/wp-content\/uploads\/2023\/07\/logoNEU.jpg\",\"contentUrl\":\"https:\/\/musical-gmunden.com\/wp-content\/uploads\/2023\/07\/logoNEU.jpg\",\"width\":1299,\"height\":1299,\"caption\":\"Verein MUSICAL FR\u00dcHLING IN GMUNDEN\"},\"image\":{\"@id\":\"https:\/\/musical-gmunden.com\/#logo\"}},{\"@type\":\"WebSite\",\"@id\":\"https:\/\/musical-gmunden.com\/#website\",\"url\":\"https:\/\/musical-gmunden.com\/\",\"name\":\"Musical Fr\u00fchling in Gmunden\",\"description\":\"\",\"publisher\":{\"@id\":\"https:\/\/musical-gmunden.com\/#organization\"},\"potentialAction\":[{\"@type\":\"SearchAction\",\"target\":{\"@type\":\"EntryPoint\",\"urlTemplate\":\"https:\/\/musical-gmunden.com\/?s={search_term_string}\"},\"query-input\":\"required name=search_term_string\"}],\"inLanguage\":\"de\"},{\"@type\":\"ImageObject\",\"@id\":\"https:\/\/musical-gmunden.com\/index.php\/julia-pschedezki\/#primaryimage\",\"inLanguage\":\"de\",\"url\":\"https:\/\/musical-gmunden.com\/wp-content\/uploads\/2022\/01\/elisabeth.jpg\",\"contentUrl\":\"https:\/\/musical-gmunden.com\/wp-content\/uploads\/2022\/01\/elisabeth.jpg\",\"width\":500,\"height\":500},{\"@type\":\"WebPage\",\"@id\":\"https:\/\/musical-gmunden.com\/index.php\/julia-pschedezki\/#webpage\",\"url\":\"https:\/\/musical-gmunden.com\/index.php\/julia-pschedezki\/\",\"name\":\"Julia Pschedezki - Musical Fr\u00fchling in Gmunden\",\"isPartOf\":{\"@id\":\"https:\/\/musical-gmunden.com\/#website\"},\"primaryImageOfPage\":{\"@id\":\"https:\/\/musical-gmunden.com\/index.php\/julia-pschedezki\/#primaryimage\"},\"datePublished\":\"2024-11-27T13:35:45+00:00\",\"dateModified\":\"2024-11-27T13:38:05+00:00\",\"breadcrumb\":{\"@id\":\"https:\/\/musical-gmunden.com\/index.php\/julia-pschedezki\/#breadcrumb\"},\"inLanguage\":\"de\",\"potentialAction\":[{\"@type\":\"ReadAction\",\"target\":[\"https:\/\/musical-gmunden.com\/index.php\/julia-pschedezki\/\"]}]},{\"@type\":\"BreadcrumbList\",\"@id\":\"https:\/\/musical-gmunden.com\/index.php\/julia-pschedezki\/#breadcrumb\",\"itemListElement\":[{\"@type\":\"ListItem\",\"position\":1,\"name\":\"Startseite\",\"item\":\"https:\/\/musical-gmunden.com\/\"},{\"@type\":\"ListItem\",\"position\":2,\"name\":\"Julia Pschedezki\"}]}]}<\/script>\n<!-- \/ Yoast SEO plugin. -->","yoast_head_json":{"title":"Julia Pschedezki - Musical Fr\u00fchling in Gmunden","robots":{"index":"index","follow":"follow","max-snippet":"max-snippet:-1","max-image-preview":"max-image-preview:large","max-video-preview":"max-video-preview:-1"},"canonical":"https:\/\/musical-gmunden.com\/index.php\/julia-pschedezki\/","twitter_misc":{"Gesch\u00e4tzte Lesezeit":"2\u00a0Minuten"},"schema":{"@context":"https:\/\/schema.org","@graph":[{"@type":"Organization","@id":"https:\/\/musical-gmunden.com\/#organization","name":"Verein MUSICAL FR\u00dcHLING IN GMUNDEN","url":"https:\/\/musical-gmunden.com\/","sameAs":[],"logo":{"@type":"ImageObject","@id":"https:\/\/musical-gmunden.com\/#logo","inLanguage":"de","url":"https:\/\/musical-gmunden.com\/wp-content\/uploads\/2023\/07\/logoNEU.jpg","contentUrl":"https:\/\/musical-gmunden.com\/wp-content\/uploads\/2023\/07\/logoNEU.jpg","width":1299,"height":1299,"caption":"Verein MUSICAL FR\u00dcHLING IN GMUNDEN"},"image":{"@id":"https:\/\/musical-gmunden.com\/#logo"}},{"@type":"WebSite","@id":"https:\/\/musical-gmunden.com\/#website","url":"https:\/\/musical-gmunden.com\/","name":"Musical Fr\u00fchling in Gmunden","description":"","publisher":{"@id":"https:\/\/musical-gmunden.com\/#organization"},"potentialAction":[{"@type":"SearchAction","target":{"@type":"EntryPoint","urlTemplate":"https:\/\/musical-gmunden.com\/?s={search_term_string}"},"query-input":"required name=search_term_string"}],"inLanguage":"de"},{"@type":"ImageObject","@id":"https:\/\/musical-gmunden.com\/index.php\/julia-pschedezki\/#primaryimage","inLanguage":"de","url":"https:\/\/musical-gmunden.com\/wp-content\/uploads\/2022\/01\/elisabeth.jpg","contentUrl":"https:\/\/musical-gmunden.com\/wp-content\/uploads\/2022\/01\/elisabeth.jpg","width":500,"height":500},{"@type":"WebPage","@id":"https:\/\/musical-gmunden.com\/index.php\/julia-pschedezki\/#webpage","url":"https:\/\/musical-gmunden.com\/index.php\/julia-pschedezki\/","name":"Julia Pschedezki - Musical Fr\u00fchling in Gmunden","isPartOf":{"@id":"https:\/\/musical-gmunden.com\/#website"},"primaryImageOfPage":{"@id":"https:\/\/musical-gmunden.com\/index.php\/julia-pschedezki\/#primaryimage"},"datePublished":"2024-11-27T13:35:45+00:00","dateModified":"2024-11-27T13:38:05+00:00","breadcrumb":{"@id":"https:\/\/musical-gmunden.com\/index.php\/julia-pschedezki\/#breadcrumb"},"inLanguage":"de","potentialAction":[{"@type":"ReadAction","target":["https:\/\/musical-gmunden.com\/index.php\/julia-pschedezki\/"]}]},{"@type":"BreadcrumbList","@id":"https:\/\/musical-gmunden.com\/index.php\/julia-pschedezki\/#breadcrumb","itemListElement":[{"@type":"ListItem","position":1,"name":"Startseite","item":"https:\/\/musical-gmunden.com\/"},{"@type":"ListItem","position":2,"name":"Julia Pschedezki"}]}]}},"_links":{"self":[{"href":"https:\/\/musical-gmunden.com\/index.php\/wp-json\/wp\/v2\/pages\/4431"}],"collection":[{"href":"https:\/\/musical-gmunden.com\/index.php\/wp-json\/wp\/v2\/pages"}],"about":[{"href":"https:\/\/musical-gmunden.com\/index.php\/wp-json\/wp\/v2\/types\/page"}],"author":[{"embeddable":true,"href":"https:\/\/musical-gmunden.com\/index.php\/wp-json\/wp\/v2\/users\/2"}],"replies":[{"embeddable":true,"href":"https:\/\/musical-gmunden.com\/index.php\/wp-json\/wp\/v2\/comments?post=4431"}],"version-history":[{"count":0,"href":"https:\/\/musical-gmunden.com\/index.php\/wp-json\/wp\/v2\/pages\/4431\/revisions"}],"wp:featuredmedia":[{"embeddable":true,"href":"https:\/\/musical-gmunden.com\/index.php\/wp-json\/wp\/v2\/media\/3473"}],"wp:attachment":[{"href":"https:\/\/musical-gmunden.com\/index.php\/wp-json\/wp\/v2\/media?parent=4431"}],"curies":[{"name":"wp","href":"https:\/\/api.w.org\/{rel}","templated":true}]}}